{"id":23,"date":"2020-03-24T13:33:51","date_gmt":"2020-03-24T12:33:51","guid":{"rendered":"http:\/\/ecmsystems.sk\/?page_id=23"},"modified":"2020-06-03T15:17:13","modified_gmt":"2020-06-03T13:17:13","slug":"certifikaty","status":"publish","type":"page","link":"https:\/\/ecmsystems.sk\/index.php\/certifikaty\/","title":{"rendered":"Certifik\u00e1ty"},"content":{"rendered":"\t\t<div data-elementor-type=\"wp-page\" data-elementor-id=\"23\" class=\"elementor elementor-23\" data-elementor-post-type=\"page\">\n\t\t\t\t\t\t<section class=\"elementor-section elementor-top-section elementor-element elementor-element-e66c518 elementor-section-boxed elementor-section-height-default elementor-section-height-default elementor-invisible\" data-id=\"e66c518\" data-element_type=\"section\" data-e-type=\"section\" data-settings=\"{&quot;animation&quot;:&quot;fadeInDown&quot;}\">\n\t\t\t\t\t\t<div class=\"elementor-container elementor-column-gap-default\">\n\t\t\t\t\t<div class=\"elementor-column elementor-col-100 elementor-top-column elementor-element elementor-element-afee0f8\" data-id=\"afee0f8\" data-element_type=\"column\" data-e-type=\"column\">\n\t\t\t<div class=\"elementor-widget-wrap elementor-element-populated\">\n\t\t\t\t\t\t<div class=\"elementor-element elementor-element-92ba2bd elementor-view-framed elementor-shape-circle elementor-widget elementor-widget-icon\" data-id=\"92ba2bd\" data-element_type=\"widget\" data-e-type=\"widget\" data-widget_type=\"icon.default\">\n\t\t\t\t<div class=\"elementor-widget-container\">\n\t\t\t\t\t\t\t<div class=\"elementor-icon-wrapper\">\n\t\t\t<div class=\"elementor-icon\">\n\t\t\t<i aria-hidden=\"true\" class=\"fas fa-certificate\"><\/i>\t\t\t<\/div>\n\t\t<\/div>\n\t\t\t\t\t\t<\/div>\n\t\t\t\t<\/div>\n\t\t\t\t<div class=\"elementor-element elementor-element-1de7b34 elementor-widget elementor-widget-heading\" data-id=\"1de7b34\" data-element_type=\"widget\" data-e-type=\"widget\" data-widget_type=\"heading.default\">\n\t\t\t\t<div class=\"elementor-widget-container\">\n\t\t\t\t\t<h2 class=\"elementor-heading-title elementor-size-default\">ISO certifik\u00e1ty<\/h2>\t\t\t\t<\/div>\n\t\t\t\t<\/div>\n\t\t\t\t\t<\/div>\n\t\t<\/div>\n\t\t\t\t\t<\/div>\n\t\t<\/section>\n\t\t\t\t<section class=\"elementor-section elementor-top-section elementor-element elementor-element-62bd802 elementor-section-boxed elementor-section-height-default elementor-section-height-default\" data-id=\"62bd802\" data-element_type=\"section\" data-e-type=\"section\">\n\t\t\t\t\t\t<div class=\"elementor-container elementor-column-gap-default\">\n\t\t\t\t\t<div class=\"elementor-column elementor-col-33 elementor-top-column elementor-element elementor-element-e056680\" data-id=\"e056680\" data-element_type=\"column\" data-e-type=\"column\">\n\t\t\t<div class=\"elementor-widget-wrap elementor-element-populated\">\n\t\t\t\t\t\t<div class=\"elementor-element elementor-element-813f7e9 elementor-widget elementor-widget-image\" data-id=\"813f7e9\" data-element_type=\"widget\" data-e-type=\"widget\" data-widget_type=\"image.default\">\n\t\t\t\t<div class=\"elementor-widget-container\">\n\t\t\t\t\t\t\t\t\t\t\t\t\t\t\t<img fetchpriority=\"high\" decoding=\"async\" width=\"723\" height=\"1024\" src=\"https:\/\/ecmsystems.sk\/wp-content\/uploads\/2020\/03\/certifikat-1-723x1024.jpg\" class=\"attachment-large size-large wp-image-80\" alt=\"\" srcset=\"https:\/\/ecmsystems.sk\/wp-content\/uploads\/2020\/03\/certifikat-1-723x1024.jpg 723w, https:\/\/ecmsystems.sk\/wp-content\/uploads\/2020\/03\/certifikat-1-212x300.jpg 212w, https:\/\/ecmsystems.sk\/wp-content\/uploads\/2020\/03\/certifikat-1-768x1088.jpg 768w, https:\/\/ecmsystems.sk\/wp-content\/uploads\/2020\/03\/certifikat-1.jpg 826w\" sizes=\"(max-width: 723px) 100vw, 723px\" \/>\t\t\t\t\t\t\t\t\t\t\t\t\t\t\t<\/div>\n\t\t\t\t<\/div>\n\t\t\t\t\t<\/div>\n\t\t<\/div>\n\t\t\t\t<div class=\"elementor-column elementor-col-33 elementor-top-column elementor-element elementor-element-38f93cd\" data-id=\"38f93cd\" data-element_type=\"column\" data-e-type=\"column\">\n\t\t\t<div class=\"elementor-widget-wrap elementor-element-populated\">\n\t\t\t\t\t\t<div class=\"elementor-element elementor-element-b755a88 elementor-widget elementor-widget-image\" data-id=\"b755a88\" data-element_type=\"widget\" data-e-type=\"widget\" data-widget_type=\"image.default\">\n\t\t\t\t<div class=\"elementor-widget-container\">\n\t\t\t\t\t\t\t\t\t\t\t\t\t\t\t<img decoding=\"async\" width=\"723\" height=\"1024\" data-src=\"https:\/\/ecmsystems.sk\/wp-content\/uploads\/2020\/03\/certifikat2-723x1024.jpg\" class=\"attachment-large size-large wp-image-81 lazyload\" alt=\"\" data-srcset=\"https:\/\/ecmsystems.sk\/wp-content\/uploads\/2020\/03\/certifikat2-723x1024.jpg 723w, https:\/\/ecmsystems.sk\/wp-content\/uploads\/2020\/03\/certifikat2-212x300.jpg 212w, https:\/\/ecmsystems.sk\/wp-content\/uploads\/2020\/03\/certifikat2-768x1088.jpg 768w, https:\/\/ecmsystems.sk\/wp-content\/uploads\/2020\/03\/certifikat2.jpg 826w\" data-sizes=\"(max-width: 723px) 100vw, 723px\" src=\"data:image\/svg+xml;base64,PHN2ZyB3aWR0aD0iMSIgaGVpZ2h0PSIxIiB4bWxucz0iaHR0cDovL3d3dy53My5vcmcvMjAwMC9zdmciPjwvc3ZnPg==\" style=\"--smush-placeholder-width: 723px; --smush-placeholder-aspect-ratio: 723\/1024;\" \/>\t\t\t\t\t\t\t\t\t\t\t\t\t\t\t<\/div>\n\t\t\t\t<\/div>\n\t\t\t\t\t<\/div>\n\t\t<\/div>\n\t\t\t\t<div class=\"elementor-column elementor-col-33 elementor-top-column elementor-element elementor-element-61ba240\" data-id=\"61ba240\" data-element_type=\"column\" data-e-type=\"column\">\n\t\t\t<div class=\"elementor-widget-wrap elementor-element-populated\">\n\t\t\t\t\t\t<div class=\"elementor-element elementor-element-e771310 elementor-widget elementor-widget-image\" data-id=\"e771310\" data-element_type=\"widget\" data-e-type=\"widget\" data-widget_type=\"image.default\">\n\t\t\t\t<div class=\"elementor-widget-container\">\n\t\t\t\t\t\t\t\t\t\t\t\t\t\t\t<img decoding=\"async\" width=\"723\" height=\"1024\" data-src=\"https:\/\/ecmsystems.sk\/wp-content\/uploads\/2020\/03\/certifikat3-723x1024.jpg\" class=\"attachment-large size-large wp-image-82 lazyload\" alt=\"\" data-srcset=\"https:\/\/ecmsystems.sk\/wp-content\/uploads\/2020\/03\/certifikat3-723x1024.jpg 723w, https:\/\/ecmsystems.sk\/wp-content\/uploads\/2020\/03\/certifikat3-212x300.jpg 212w, https:\/\/ecmsystems.sk\/wp-content\/uploads\/2020\/03\/certifikat3-768x1088.jpg 768w, https:\/\/ecmsystems.sk\/wp-content\/uploads\/2020\/03\/certifikat3.jpg 826w\" data-sizes=\"(max-width: 723px) 100vw, 723px\" src=\"data:image\/svg+xml;base64,PHN2ZyB3aWR0aD0iMSIgaGVpZ2h0PSIxIiB4bWxucz0iaHR0cDovL3d3dy53My5vcmcvMjAwMC9zdmciPjwvc3ZnPg==\" style=\"--smush-placeholder-width: 723px; --smush-placeholder-aspect-ratio: 723\/1024;\" \/>\t\t\t\t\t\t\t\t\t\t\t\t\t\t\t<\/div>\n\t\t\t\t<\/div>\n\t\t\t\t\t<\/div>\n\t\t<\/div>\n\t\t\t\t\t<\/div>\n\t\t<\/section>\n\t\t\t\t<section class=\"elementor-section elementor-top-section elementor-element elementor-element-cfd5a46 elementor-section-boxed elementor-section-height-default elementor-section-height-default\" data-id=\"cfd5a46\" data-element_type=\"section\" data-e-type=\"section\">\n\t\t\t\t\t\t<div class=\"elementor-container elementor-column-gap-default\">\n\t\t\t\t\t<div class=\"elementor-column elementor-col-100 elementor-top-column elementor-element elementor-element-fdc887c\" data-id=\"fdc887c\" data-element_type=\"column\" data-e-type=\"column\">\n\t\t\t<div class=\"elementor-widget-wrap elementor-element-populated\">\n\t\t\t\t\t\t<div class=\"elementor-element elementor-element-0419422 elementor-widget elementor-widget-spacer\" data-id=\"0419422\" data-element_type=\"widget\" data-e-type=\"widget\" data-widget_type=\"spacer.default\">\n\t\t\t\t<div class=\"elementor-widget-container\">\n\t\t\t\t\t\t\t<div class=\"elementor-spacer\">\n\t\t\t<div class=\"elementor-spacer-inner\"><\/div>\n\t\t<\/div>\n\t\t\t\t\t\t<\/div>\n\t\t\t\t<\/div>\n\t\t\t\t\t<\/div>\n\t\t<\/div>\n\t\t\t\t\t<\/div>\n\t\t<\/section>\n\t\t\t\t<section class=\"elementor-section elementor-top-section elementor-element elementor-element-1487b782 elementor-section-full_width elementor-section-content-top elementor-hidden-tablet elementor-hidden-phone elementor-section-height-default elementor-section-height-default\" data-id=\"1487b782\" data-element_type=\"section\" data-e-type=\"section\" id=\"konakt-bar\">\n\t\t\t\t\t\t<div class=\"elementor-container elementor-column-gap-no\">\n\t\t\t\t\t<div class=\"elementor-column elementor-col-10 elementor-top-column elementor-element elementor-element-7c5f4e63\" data-id=\"7c5f4e63\" data-element_type=\"column\" data-e-type=\"column\">\n\t\t\t<div class=\"elementor-widget-wrap elementor-element-populated\">\n\t\t\t\t\t\t<div class=\"elementor-element elementor-element-426b75d5 elementor-widget elementor-widget-text-editor\" data-id=\"426b75d5\" data-element_type=\"widget\" data-e-type=\"widget\" data-widget_type=\"text-editor.default\">\n\t\t\t\t<div class=\"elementor-widget-container\">\n\t\t\t\t\t\t\t\t\t<p><a href=\"https:\/\/goo.gl\/maps\/u6Jc4xLLxzywYEh99\">S\u00eddlo<\/a><\/p>\t\t\t\t\t\t\t\t<\/div>\n\t\t\t\t<\/div>\n\t\t\t\t<div class=\"elementor-element elementor-element-504d0645 elementor-view-stacked  animated pop duration4 infinite  eds-on-hover  elementor-shape-circle elementor-widget elementor-widget-icon\" data-id=\"504d0645\" data-element_type=\"widget\" data-e-type=\"widget\" data-widget_type=\"icon.default\">\n\t\t\t\t<div class=\"elementor-widget-container\">\n\t\t\t\t\t\t\t<div class=\"elementor-icon-wrapper\">\n\t\t\t<a class=\"elementor-icon\" href=\"https:\/\/goo.gl\/maps\/u6Jc4xLLxzywYEh99\" target=\"_blank\">\n\t\t\t<i aria-hidden=\"true\" class=\"far fa-building\"><\/i>\t\t\t<\/a>\n\t\t<\/div>\n\t\t\t\t\t\t<\/div>\n\t\t\t\t<\/div>\n\t\t\t\t\t<\/div>\n\t\t<\/div>\n\t\t\t\t<div class=\"elementor-column elementor-col-10 elementor-top-column elementor-element elementor-element-cc99311\" data-id=\"cc99311\" data-element_type=\"column\" data-e-type=\"column\">\n\t\t\t<div class=\"elementor-widget-wrap elementor-element-populated\">\n\t\t\t\t\t\t<div class=\"elementor-element elementor-element-1cc15ad9 elementor-widget elementor-widget-text-editor\" data-id=\"1cc15ad9\" data-element_type=\"widget\" data-e-type=\"widget\" data-widget_type=\"text-editor.default\">\n\t\t\t\t<div class=\"elementor-widget-container\">\n\t\t\t\t\t\t\t\t\t<p><a href=\"tel:+421903735360\">Zavola\u0165<\/a><\/p>\t\t\t\t\t\t\t\t<\/div>\n\t\t\t\t<\/div>\n\t\t\t\t<div class=\"elementor-element elementor-element-45d7556 elementor-view-stacked  animated pop duration4 infinite  eds-on-hover  elementor-shape-circle elementor-widget elementor-widget-icon\" data-id=\"45d7556\" data-element_type=\"widget\" data-e-type=\"widget\" data-widget_type=\"icon.default\">\n\t\t\t\t<div class=\"elementor-widget-container\">\n\t\t\t\t\t\t\t<div class=\"elementor-icon-wrapper\">\n\t\t\t<a class=\"elementor-icon\" href=\"tel:+421903735360\">\n\t\t\t<i aria-hidden=\"true\" class=\"fas fa-mobile-alt\"><\/i>\t\t\t<\/a>\n\t\t<\/div>\n\t\t\t\t\t\t<\/div>\n\t\t\t\t<\/div>\n\t\t\t\t\t<\/div>\n\t\t<\/div>\n\t\t\t\t<div class=\"elementor-column elementor-col-10 elementor-top-column elementor-element elementor-element-20fa42b5\" data-id=\"20fa42b5\" data-element_type=\"column\" data-e-type=\"column\">\n\t\t\t<div class=\"elementor-widget-wrap elementor-element-populated\">\n\t\t\t\t\t\t<div class=\"elementor-element elementor-element-7b50b12e elementor-widget elementor-widget-text-editor\" data-id=\"7b50b12e\" data-element_type=\"widget\" data-e-type=\"widget\" data-widget_type=\"text-editor.default\">\n\t\t\t\t<div class=\"elementor-widget-container\">\n\t\t\t\t\t\t\t\t\t<p><a href=\"mailto:ecmsystems@ecmsystems.sk\">E-mail<\/a><\/p>\t\t\t\t\t\t\t\t<\/div>\n\t\t\t\t<\/div>\n\t\t\t\t<div class=\"elementor-element elementor-element-2fe37a4c elementor-view-stacked  animated pop duration4 infinite  eds-on-hover  elementor-shape-circle elementor-widget elementor-widget-icon\" data-id=\"2fe37a4c\" data-element_type=\"widget\" data-e-type=\"widget\" data-widget_type=\"icon.default\">\n\t\t\t\t<div class=\"elementor-widget-container\">\n\t\t\t\t\t\t\t<div class=\"elementor-icon-wrapper\">\n\t\t\t<a class=\"elementor-icon\" href=\"mailto:ecmsystems@ecmsystems.sk\">\n\t\t\t<i aria-hidden=\"true\" class=\"far fa-envelope\"><\/i>\t\t\t<\/a>\n\t\t<\/div>\n\t\t\t\t\t\t<\/div>\n\t\t\t\t<\/div>\n\t\t\t\t\t<\/div>\n\t\t<\/div>\n\t\t\t\t<div class=\"elementor-column elementor-col-10 elementor-top-column elementor-element elementor-element-2bf31639\" data-id=\"2bf31639\" data-element_type=\"column\" data-e-type=\"column\">\n\t\t\t<div class=\"elementor-widget-wrap\">\n\t\t\t\t\t\t\t<\/div>\n\t\t<\/div>\n\t\t\t\t<div class=\"elementor-column elementor-col-10 elementor-top-column elementor-element elementor-element-395c4a35\" data-id=\"395c4a35\" data-element_type=\"column\" data-e-type=\"column\">\n\t\t\t<div class=\"elementor-widget-wrap\">\n\t\t\t\t\t\t\t<\/div>\n\t\t<\/div>\n\t\t\t\t<div class=\"elementor-column elementor-col-10 elementor-top-column elementor-element elementor-element-63f1f318\" data-id=\"63f1f318\" data-element_type=\"column\" data-e-type=\"column\">\n\t\t\t<div class=\"elementor-widget-wrap\">\n\t\t\t\t\t\t\t<\/div>\n\t\t<\/div>\n\t\t\t\t<div class=\"elementor-column elementor-col-10 elementor-top-column elementor-element elementor-element-1afec176\" data-id=\"1afec176\" data-element_type=\"column\" data-e-type=\"column\">\n\t\t\t<div class=\"elementor-widget-wrap\">\n\t\t\t\t\t\t\t<\/div>\n\t\t<\/div>\n\t\t\t\t<div class=\"elementor-column elementor-col-10 elementor-top-column elementor-element elementor-element-28d30b65\" data-id=\"28d30b65\" data-element_type=\"column\" data-e-type=\"column\">\n\t\t\t<div class=\"elementor-widget-wrap\">\n\t\t\t\t\t\t\t<\/div>\n\t\t<\/div>\n\t\t\t\t<div class=\"elementor-column elementor-col-10 elementor-top-column elementor-element elementor-element-62852cb2\" data-id=\"62852cb2\" data-element_type=\"column\" data-e-type=\"column\">\n\t\t\t<div class=\"elementor-widget-wrap\">\n\t\t\t\t\t\t\t<\/div>\n\t\t<\/div>\n\t\t\t\t<div class=\"elementor-column elementor-col-10 elementor-top-column elementor-element elementor-element-299ccc95\" data-id=\"299ccc95\" data-element_type=\"column\" data-e-type=\"column\">\n\t\t\t<div class=\"elementor-widget-wrap\">\n\t\t\t\t\t\t\t<\/div>\n\t\t<\/div>\n\t\t\t\t\t<\/div>\n\t\t<\/section>\n\t\t\t\t<\/div>\n\t\t","protected":false},"excerpt":{"rendered":"<p>ISO certifik\u00e1ty S\u00eddlo Zavola\u0165 E-mail<\/p>\n","protected":false},"author":2,"featured_media":0,"parent":0,"menu_order":0,"comment_status":"closed","ping_status":"closed","template":"","meta":{"site-sidebar-layout":"no-sidebar","site-content-layout":"page-builder","ast-site-content-layout":"default","site-content-style":"default","site-sidebar-style":"default","ast-global-header-display":"","ast-banner-title-visibility":"","ast-main-header-display":"","ast-hfb-above-header-display":"","ast-hfb-below-header-display":"","ast-hfb-mobile-header-display":"","site-post-title":"disabled","ast-breadcrumbs-content":"","ast-featured-img":"disabled","footer-sml-layout":"","ast-disable-related-posts":"","theme-transparent-header-meta":"default","adv-header-id-meta":"","stick-header-meta":"","header-above-stick-meta":"","header-main-stick-meta":"","header-below-stick-meta":"","astra-migrate-meta-layouts":"default","ast-page-background-enabled":"default","ast-page-background-meta":{"desktop":{"background-color":"","background-image":"","background-repeat":"repeat","background-position":"center center","background-size":"auto","background-attachment":"scroll","background-type":"","background-media":"","overlay-type":"","overlay-color":"","overlay-opacity":"","overlay-gradient":""},"tablet":{"background-color":"","background-image":"","background-repeat":"repeat","background-position":"center center","background-size":"auto","background-attachment":"scroll","background-type":"","background-media":"","overlay-type":"","overlay-color":"","overlay-opacity":"","overlay-gradient":""},"mobile":{"background-color":"","background-image":"","background-repeat":"repeat","background-position":"center center","background-size":"auto","background-attachment":"scroll","background-type":"","background-media":"","overlay-type":"","overlay-color":"","overlay-opacity":"","overlay-gradient":""}},"ast-content-background-meta":{"desktop":{"background-color":"var(--ast-global-color-5)","background-image":"","background-repeat":"repeat","background-position":"center center","background-size":"auto","background-attachment":"scroll","background-type":"","background-media":"","overlay-type":"","overlay-color":"","overlay-opacity":"","overlay-gradient":""},"tablet":{"background-color":"var(--ast-global-color-5)","background-image":"","background-repeat":"repeat","background-position":"center center","background-size":"auto","background-attachment":"scroll","background-type":"","background-media":"","overlay-type":"","overlay-color":"","overlay-opacity":"","overlay-gradient":""},"mobile":{"background-color":"var(--ast-global-color-5)","background-image":"","background-repeat":"repeat","background-position":"center center","background-size":"auto","background-attachment":"scroll","background-type":"","background-media":"","overlay-type":"","overlay-color":"","overlay-opacity":"","overlay-gradient":""}},"footnotes":""},"class_list":["post-23","page","type-page","status-publish","hentry"],"yoast_head":"<!-- This site is optimized with the Yoast SEO plugin v27.4 - https:\/\/yoast.com\/product\/yoast-seo-wordpress\/ -->\n<title>Certifik\u00e1ty - ECM Systems<\/title>\n<meta name=\"robots\" content=\"index, follow, max-snippet:-1, max-image-preview:large, max-video-preview:-1\" \/>\n<link rel=\"canonical\" href=\"https:\/\/ecmsystems.sk\/index.php\/certifikaty\/\" \/>\n<meta property=\"og:locale\" content=\"sk_SK\" \/>\n<meta property=\"og:type\" content=\"article\" \/>\n<meta property=\"og:title\" content=\"Certifik\u00e1ty - ECM Systems\" \/>\n<meta property=\"og:description\" content=\"ISO certifik\u00e1ty S\u00eddlo Zavola\u0165 E-mail\" \/>\n<meta property=\"og:url\" content=\"https:\/\/ecmsystems.sk\/index.php\/certifikaty\/\" \/>\n<meta property=\"og:site_name\" content=\"ECM Systems\" \/>\n<meta property=\"article:publisher\" content=\"https:\/\/www.facebook.com\/ECMSSYSTEMS\/\" \/>\n<meta property=\"article:modified_time\" content=\"2020-06-03T13:17:13+00:00\" \/>\n<meta property=\"og:image\" content=\"https:\/\/ecmsystems.sk\/wp-content\/uploads\/2020\/03\/certifikat-1-723x1024.jpg\" \/>\n<meta name=\"twitter:card\" content=\"summary_large_image\" \/>\n<script type=\"application\/ld+json\" class=\"yoast-schema-graph\">{\"@context\":\"https:\\\/\\\/schema.org\",\"@graph\":[{\"@type\":\"WebPage\",\"@id\":\"https:\\\/\\\/ecmsystems.sk\\\/index.php\\\/certifikaty\\\/\",\"url\":\"https:\\\/\\\/ecmsystems.sk\\\/index.php\\\/certifikaty\\\/\",\"name\":\"Certifik\u00e1ty - ECM Systems\",\"isPartOf\":{\"@id\":\"https:\\\/\\\/ecmsystems.sk\\\/#website\"},\"primaryImageOfPage\":{\"@id\":\"https:\\\/\\\/ecmsystems.sk\\\/index.php\\\/certifikaty\\\/#primaryimage\"},\"image\":{\"@id\":\"https:\\\/\\\/ecmsystems.sk\\\/index.php\\\/certifikaty\\\/#primaryimage\"},\"thumbnailUrl\":\"https:\\\/\\\/ecmsystems.sk\\\/wp-content\\\/uploads\\\/2020\\\/03\\\/certifikat-1-723x1024.jpg\",\"datePublished\":\"2020-03-24T12:33:51+00:00\",\"dateModified\":\"2020-06-03T13:17:13+00:00\",\"breadcrumb\":{\"@id\":\"https:\\\/\\\/ecmsystems.sk\\\/index.php\\\/certifikaty\\\/#breadcrumb\"},\"inLanguage\":\"sk-SK\",\"potentialAction\":[{\"@type\":\"ReadAction\",\"target\":[\"https:\\\/\\\/ecmsystems.sk\\\/index.php\\\/certifikaty\\\/\"]}]},{\"@type\":\"ImageObject\",\"inLanguage\":\"sk-SK\",\"@id\":\"https:\\\/\\\/ecmsystems.sk\\\/index.php\\\/certifikaty\\\/#primaryimage\",\"url\":\"https:\\\/\\\/ecmsystems.sk\\\/wp-content\\\/uploads\\\/2020\\\/03\\\/certifikat-1-723x1024.jpg\",\"contentUrl\":\"https:\\\/\\\/ecmsystems.sk\\\/wp-content\\\/uploads\\\/2020\\\/03\\\/certifikat-1-723x1024.jpg\"},{\"@type\":\"BreadcrumbList\",\"@id\":\"https:\\\/\\\/ecmsystems.sk\\\/index.php\\\/certifikaty\\\/#breadcrumb\",\"itemListElement\":[{\"@type\":\"ListItem\",\"position\":1,\"name\":\"Home\",\"item\":\"https:\\\/\\\/ecmsystems.sk\\\/\"},{\"@type\":\"ListItem\",\"position\":2,\"name\":\"Certifik\u00e1ty\"}]},{\"@type\":\"WebSite\",\"@id\":\"https:\\\/\\\/ecmsystems.sk\\\/#website\",\"url\":\"https:\\\/\\\/ecmsystems.sk\\\/\",\"name\":\"ECM Systems\",\"description\":\"Ekologick\u00e9 a procesn\u00e9 monitorovacie syst\u00e9my a pr\u00edstrojov\u00e1 technika\",\"publisher\":{\"@id\":\"https:\\\/\\\/ecmsystems.sk\\\/#organization\"},\"potentialAction\":[{\"@type\":\"SearchAction\",\"target\":{\"@type\":\"EntryPoint\",\"urlTemplate\":\"https:\\\/\\\/ecmsystems.sk\\\/?s={search_term_string}\"},\"query-input\":{\"@type\":\"PropertyValueSpecification\",\"valueRequired\":true,\"valueName\":\"search_term_string\"}}],\"inLanguage\":\"sk-SK\"},{\"@type\":\"Organization\",\"@id\":\"https:\\\/\\\/ecmsystems.sk\\\/#organization\",\"name\":\"ECM Systems\",\"url\":\"https:\\\/\\\/ecmsystems.sk\\\/\",\"logo\":{\"@type\":\"ImageObject\",\"inLanguage\":\"sk-SK\",\"@id\":\"https:\\\/\\\/ecmsystems.sk\\\/#\\\/schema\\\/logo\\\/image\\\/\",\"url\":\"https:\\\/\\\/ecmsystems.sk\\\/wp-content\\\/uploads\\\/2020\\\/05\\\/ECM_logo.jpg\",\"contentUrl\":\"https:\\\/\\\/ecmsystems.sk\\\/wp-content\\\/uploads\\\/2020\\\/05\\\/ECM_logo.jpg\",\"width\":600,\"height\":223,\"caption\":\"ECM Systems\"},\"image\":{\"@id\":\"https:\\\/\\\/ecmsystems.sk\\\/#\\\/schema\\\/logo\\\/image\\\/\"},\"sameAs\":[\"https:\\\/\\\/www.facebook.com\\\/ECMSSYSTEMS\\\/\"]}]}<\/script>\n<!-- \/ Yoast SEO plugin. -->","yoast_head_json":{"title":"Certifik\u00e1ty - ECM Systems","robots":{"index":"index","follow":"follow","max-snippet":"max-snippet:-1","max-image-preview":"max-image-preview:large","max-video-preview":"max-video-preview:-1"},"canonical":"https:\/\/ecmsystems.sk\/index.php\/certifikaty\/","og_locale":"sk_SK","og_type":"article","og_title":"Certifik\u00e1ty - ECM Systems","og_description":"ISO certifik\u00e1ty S\u00eddlo Zavola\u0165 E-mail","og_url":"https:\/\/ecmsystems.sk\/index.php\/certifikaty\/","og_site_name":"ECM Systems","article_publisher":"https:\/\/www.facebook.com\/ECMSSYSTEMS\/","article_modified_time":"2020-06-03T13:17:13+00:00","og_image":[{"url":"https:\/\/ecmsystems.sk\/wp-content\/uploads\/2020\/03\/certifikat-1-723x1024.jpg","type":"","width":"","height":""}],"twitter_card":"summary_large_image","schema":{"@context":"https:\/\/schema.org","@graph":[{"@type":"WebPage","@id":"https:\/\/ecmsystems.sk\/index.php\/certifikaty\/","url":"https:\/\/ecmsystems.sk\/index.php\/certifikaty\/","name":"Certifik\u00e1ty - ECM Systems","isPartOf":{"@id":"https:\/\/ecmsystems.sk\/#website"},"primaryImageOfPage":{"@id":"https:\/\/ecmsystems.sk\/index.php\/certifikaty\/#primaryimage"},"image":{"@id":"https:\/\/ecmsystems.sk\/index.php\/certifikaty\/#primaryimage"},"thumbnailUrl":"https:\/\/ecmsystems.sk\/wp-content\/uploads\/2020\/03\/certifikat-1-723x1024.jpg","datePublished":"2020-03-24T12:33:51+00:00","dateModified":"2020-06-03T13:17:13+00:00","breadcrumb":{"@id":"https:\/\/ecmsystems.sk\/index.php\/certifikaty\/#breadcrumb"},"inLanguage":"sk-SK","potentialAction":[{"@type":"ReadAction","target":["https:\/\/ecmsystems.sk\/index.php\/certifikaty\/"]}]},{"@type":"ImageObject","inLanguage":"sk-SK","@id":"https:\/\/ecmsystems.sk\/index.php\/certifikaty\/#primaryimage","url":"https:\/\/ecmsystems.sk\/wp-content\/uploads\/2020\/03\/certifikat-1-723x1024.jpg","contentUrl":"https:\/\/ecmsystems.sk\/wp-content\/uploads\/2020\/03\/certifikat-1-723x1024.jpg"},{"@type":"BreadcrumbList","@id":"https:\/\/ecmsystems.sk\/index.php\/certifikaty\/#breadcrumb","itemListElement":[{"@type":"ListItem","position":1,"name":"Home","item":"https:\/\/ecmsystems.sk\/"},{"@type":"ListItem","position":2,"name":"Certifik\u00e1ty"}]},{"@type":"WebSite","@id":"https:\/\/ecmsystems.sk\/#website","url":"https:\/\/ecmsystems.sk\/","name":"ECM Systems","description":"Ekologick\u00e9 a procesn\u00e9 monitorovacie syst\u00e9my a pr\u00edstrojov\u00e1 technika","publisher":{"@id":"https:\/\/ecmsystems.sk\/#organization"},"potentialAction":[{"@type":"SearchAction","target":{"@type":"EntryPoint","urlTemplate":"https:\/\/ecmsystems.sk\/?s={search_term_string}"},"query-input":{"@type":"PropertyValueSpecification","valueRequired":true,"valueName":"search_term_string"}}],"inLanguage":"sk-SK"},{"@type":"Organization","@id":"https:\/\/ecmsystems.sk\/#organization","name":"ECM Systems","url":"https:\/\/ecmsystems.sk\/","logo":{"@type":"ImageObject","inLanguage":"sk-SK","@id":"https:\/\/ecmsystems.sk\/#\/schema\/logo\/image\/","url":"https:\/\/ecmsystems.sk\/wp-content\/uploads\/2020\/05\/ECM_logo.jpg","contentUrl":"https:\/\/ecmsystems.sk\/wp-content\/uploads\/2020\/05\/ECM_logo.jpg","width":600,"height":223,"caption":"ECM Systems"},"image":{"@id":"https:\/\/ecmsystems.sk\/#\/schema\/logo\/image\/"},"sameAs":["https:\/\/www.facebook.com\/ECMSSYSTEMS\/"]}]}},"_links":{"self":[{"href":"https:\/\/ecmsystems.sk\/index.php\/wp-json\/wp\/v2\/pages\/23","targetHints":{"allow":["GET"]}}],"collection":[{"href":"https:\/\/ecmsystems.sk\/index.php\/wp-json\/wp\/v2\/pages"}],"about":[{"href":"https:\/\/ecmsystems.sk\/index.php\/wp-json\/wp\/v2\/types\/page"}],"author":[{"embeddable":true,"href":"https:\/\/ecmsystems.sk\/index.php\/wp-json\/wp\/v2\/users\/2"}],"replies":[{"embeddable":true,"href":"https:\/\/ecmsystems.sk\/index.php\/wp-json\/wp\/v2\/comments?post=23"}],"version-history":[{"count":14,"href":"https:\/\/ecmsystems.sk\/index.php\/wp-json\/wp\/v2\/pages\/23\/revisions"}],"predecessor-version":[{"id":1681,"href":"https:\/\/ecmsystems.sk\/index.php\/wp-json\/wp\/v2\/pages\/23\/revisions\/1681"}],"wp:attachment":[{"href":"https:\/\/ecmsystems.sk\/index.php\/wp-json\/wp\/v2\/media?parent=23"}],"curies":[{"name":"wp","href":"https:\/\/api.w.org\/{rel}","templated":true}]}}